{"id":4406,"date":"2026-02-19T09:57:14","date_gmt":"2026-02-19T09:57:14","guid":{"rendered":"https:\/\/keaadvisory.eu\/?page_id=4406"},"modified":"2026-03-27T10:49:56","modified_gmt":"2026-03-27T10:49:56","slug":"contacto","status":"publish","type":"page","link":"https:\/\/keaadvisory.eu\/es\/contacto\/","title":{"rendered":"Contacto"},"content":{"rendered":"\t\t<div data-elementor-type=\"wp-page\" data-elementor-id=\"4406\" class=\"elementor elementor-4406\" data-elementor-post-type=\"page\">\n\t\t\t\t<div class=\"elementor-element elementor-element-1a9ee45 e-flex e-con-boxed e-con e-parent\" data-id=\"1a9ee45\" data-element_type=\"container\" data-e-type=\"container\" data-settings=\"{&quot;background_background&quot;:&quot;classic&quot;}\">\n\t\t\t\t\t<div class=\"e-con-inner\">\n\t\t\t\t<div class=\"elementor-element elementor-element-07e1c6b elementor-widget__width-initial elementor-widget-tablet__width-inherit elementor-widget-mobile__width-inherit elementor-widget elementor-widget-heading\" data-id=\"07e1c6b\" data-element_type=\"widget\" data-e-type=\"widget\" data-widget_type=\"heading.default\">\n\t\t\t\t\t<h1 class=\"elementor-heading-title elementor-size-default\">Hablemos de tu proyecto<\/h1>\t\t\t\t<\/div>\n\t\t\t\t\t<\/div>\n\t\t\t\t<\/div>\n\t\t<div class=\"elementor-element elementor-element-a0d7c4f e-flex e-con-boxed e-con e-parent\" data-id=\"a0d7c4f\" data-element_type=\"container\" data-e-type=\"container\">\n\t\t\t\t\t<div class=\"e-con-inner\">\n\t\t<div class=\"elementor-element elementor-element-00d734b e-con-full e-flex e-con e-child\" data-id=\"00d734b\" data-element_type=\"container\" data-e-type=\"container\" data-settings=\"{&quot;sticky_on&quot;:[&quot;desktop&quot;,&quot;tablet&quot;],&quot;sticky_parent&quot;:&quot;yes&quot;,&quot;sticky&quot;:&quot;top&quot;,&quot;sticky_offset&quot;:0,&quot;sticky_effects_offset&quot;:0,&quot;sticky_anchor_link_offset&quot;:0}\">\n\t\t\t\t<div class=\"elementor-element elementor-element-5f79550 elementor-widget__width-initial elementor-widget elementor-widget-heading\" data-id=\"5f79550\" data-element_type=\"widget\" data-e-type=\"widget\" data-widget_type=\"heading.default\">\n\t\t\t\t\t<h2 class=\"elementor-heading-title elementor-size-default\">De consulta a propuesta, en 3 pasos<\/h2>\t\t\t\t<\/div>\n\t\t\t\t<div class=\"elementor-element elementor-element-9f596a9 elementor-widget elementor-widget-button\" data-id=\"9f596a9\" data-element_type=\"widget\" data-e-type=\"widget\" data-widget_type=\"button.default\">\n\t\t\t\t\t\t\t\t\t\t<a class=\"elementor-button elementor-button-link elementor-size-sm\" href=\"#contacto\">\n\t\t\t\t\t\t<span class=\"elementor-button-content-wrapper\">\n\t\t\t\t\t\t<span class=\"elementor-button-icon\">\n\t\t\t\t<svg xmlns=\"http:\/\/www.w3.org\/2000\/svg\" width=\"800px\" height=\"800px\" viewBox=\"0 0 24 24\" fill=\"none\" stroke=\"#01245C\" stroke-width=\"0.00024000000000000003\"><g id=\"SVGRepo_bgCarrier\" stroke-width=\"0\"><\/g><g id=\"SVGRepo_tracerCarrier\" stroke-linecap=\"round\" stroke-linejoin=\"round\"><\/g><g id=\"SVGRepo_iconCarrier\"><path d=\"M16.3153 16.6681C15.9247 17.0587 15.9247 17.6918 16.3153 18.0824C16.7058 18.4729 17.339 18.4729 17.7295 18.0824L22.3951 13.4168C23.1761 12.6357 23.1761 11.3694 22.3951 10.5883L17.7266 5.9199C17.3361 5.52938 16.703 5.52938 16.3124 5.91991C15.9219 6.31043 15.9219 6.9436 16.3124 7.33412L19.9785 11.0002L2 11.0002C1.44772 11.0002 1 11.4479 1 12.0002C1 12.5524 1.44772 13.0002 2 13.0002L19.9832 13.0002L16.3153 16.6681Z\" fill=\"#01245C\"><\/path><\/g><\/svg>\t\t\t<\/span>\n\t\t\t\t\t\t\t\t\t<span class=\"elementor-button-text\">Haz tu consulta<\/span>\n\t\t\t\t\t<\/span>\n\t\t\t\t\t<\/a>\n\t\t\t\t\t\t\t\t<\/div>\n\t\t\t\t<\/div>\n\t\t<div class=\"elementor-element elementor-element-679aad0 e-con-full e-flex e-con e-child\" data-id=\"679aad0\" data-element_type=\"container\" data-e-type=\"container\" data-settings=\"{&quot;sticky&quot;:&quot;top&quot;,&quot;sticky_on&quot;:[&quot;desktop&quot;,&quot;tablet&quot;],&quot;sticky_parent&quot;:&quot;yes&quot;,&quot;sticky_offset&quot;:0,&quot;sticky_effects_offset&quot;:0,&quot;sticky_anchor_link_offset&quot;:0}\">\n\t\t<div class=\"elementor-element elementor-element-14fd01e e-con-full e-flex e-con e-child\" data-id=\"14fd01e\" data-element_type=\"container\" data-e-type=\"container\">\n\t\t\t\t<div class=\"elementor-element elementor-element-29614b9 elementor-widget__width-initial elementor-widget elementor-widget-heading\" data-id=\"29614b9\" data-element_type=\"widget\" data-e-type=\"widget\" data-widget_type=\"heading.default\">\n\t\t\t\t\t<p class=\"elementor-heading-title elementor-size-default\">01<\/p>\t\t\t\t<\/div>\n\t\t\t\t<div class=\"elementor-element elementor-element-18ff5a7 elementor-widget__width-initial elementor-widget-mobile__width-auto elementor-widget elementor-widget-heading\" data-id=\"18ff5a7\" data-element_type=\"widget\" data-e-type=\"widget\" data-widget_type=\"heading.default\">\n\t\t\t\t\t<h3 class=\"elementor-heading-title elementor-size-default\">Env\u00edanos tu consulta<\/h3>\t\t\t\t<\/div>\n\t\t\t\t<\/div>\n\t\t\t\t<div class=\"elementor-element elementor-element-ecf9966 enlace-contacto elementor-widget elementor-widget-text-editor\" data-id=\"ecf9966\" data-element_type=\"widget\" data-e-type=\"widget\" data-widget_type=\"text-editor.default\">\n\t\t\t\t\t\t\t\t\t<p data-start=\"171\" data-end=\"370\">Puedes escribirnos a trav\u00e9s del formulario m\u00e1s abajo o por correo electr\u00f3nico a <a href=\"mailto:info@keaadvisory.eu\"><span style=\"text-decoration: underline;\">info@keaadvisory.eu<\/span><\/a>.<\/p><p data-start=\"171\" data-end=\"370\">Cu\u00e9ntanos brevemente qu\u00e9 necesitas: an\u00e1lisis financiero, modelo, valoraci\u00f3n, apoyo en financiaci\u00f3n o negociaci\u00f3n con inversores.<\/p><p data-start=\"372\" data-end=\"494\">Si no tienes todos los detalles definidos, no te preocupes. Partimos de tu situaci\u00f3n actual y definimos juntos el alcance.<\/p>\t\t\t\t\t\t\t\t<\/div>\n\t\t<div class=\"elementor-element elementor-element-9f4a689 e-con-full e-flex e-con e-child\" data-id=\"9f4a689\" data-element_type=\"container\" data-e-type=\"container\">\n\t\t\t\t<div class=\"elementor-element elementor-element-87e3ea4 elementor-widget__width-initial elementor-widget elementor-widget-heading\" data-id=\"87e3ea4\" data-element_type=\"widget\" data-e-type=\"widget\" data-widget_type=\"heading.default\">\n\t\t\t\t\t<p class=\"elementor-heading-title elementor-size-default\">02<\/p>\t\t\t\t<\/div>\n\t\t\t\t<div class=\"elementor-element elementor-element-f71e21e elementor-widget__width-initial elementor-widget-mobile__width-auto elementor-widget elementor-widget-heading\" data-id=\"f71e21e\" data-element_type=\"widget\" data-e-type=\"widget\" data-widget_type=\"heading.default\">\n\t\t\t\t\t<h3 class=\"elementor-heading-title elementor-size-default\">Te contactamos<\/h3>\t\t\t\t<\/div>\n\t\t\t\t<\/div>\n\t\t\t\t<div class=\"elementor-element elementor-element-96ea3f2 enlace-contacto elementor-widget elementor-widget-text-editor\" data-id=\"96ea3f2\" data-element_type=\"widget\" data-e-type=\"widget\" data-widget_type=\"text-editor.default\">\n\t\t\t\t\t\t\t\t\t<p data-start=\"120\" data-end=\"257\">Tras revisar tu consulta, te propondremos una llamada inicial para entender en detalle tu situaci\u00f3n, objetivos y necesidades espec\u00edficas.<\/p><p data-start=\"259\" data-end=\"387\">En esta conversaci\u00f3n definimos el alcance del trabajo, resolvemos dudas y alineamos expectativas antes de preparar la propuesta.<\/p>\t\t\t\t\t\t\t\t<\/div>\n\t\t<div class=\"elementor-element elementor-element-e58a69b e-con-full e-flex e-con e-child\" data-id=\"e58a69b\" data-element_type=\"container\" data-e-type=\"container\">\n\t\t\t\t<div class=\"elementor-element elementor-element-00b6783 elementor-widget__width-initial elementor-widget elementor-widget-heading\" data-id=\"00b6783\" data-element_type=\"widget\" data-e-type=\"widget\" data-widget_type=\"heading.default\">\n\t\t\t\t\t<p class=\"elementor-heading-title elementor-size-default\">03<\/p>\t\t\t\t<\/div>\n\t\t\t\t<div class=\"elementor-element elementor-element-ca5d329 elementor-widget__width-initial elementor-widget-mobile__width-auto elementor-widget elementor-widget-heading\" data-id=\"ca5d329\" data-element_type=\"widget\" data-e-type=\"widget\" data-widget_type=\"heading.default\">\n\t\t\t\t\t<h3 class=\"elementor-heading-title elementor-size-default\">Recibe nuestra propuesta<\/h3>\t\t\t\t<\/div>\n\t\t\t\t<\/div>\n\t\t\t\t<div class=\"elementor-element elementor-element-a7ddbdb enlace-contacto elementor-widget elementor-widget-text-editor\" data-id=\"a7ddbdb\" data-element_type=\"widget\" data-e-type=\"widget\" data-widget_type=\"text-editor.default\">\n\t\t\t\t\t\t\t\t\t<p data-start=\"843\" data-end=\"940\">Tras la primera conversaci\u00f3n, te enviaremos una propuesta clara con alcance, plazos y precios.<\/p><p data-start=\"942\" data-end=\"984\">Una vez confirmada, comenzamos el trabajo.<\/p>\t\t\t\t\t\t\t\t<\/div>\n\t\t\t\t<\/div>\n\t\t\t\t\t<\/div>\n\t\t\t\t<\/div>\n\t\t<div class=\"elementor-element elementor-element-1e75839 e-flex e-con-boxed e-con e-parent\" data-id=\"1e75839\" data-element_type=\"container\" data-e-type=\"container\" id=\"contacto\">\n\t\t\t\t\t<div class=\"e-con-inner\">\n\t\t<div class=\"elementor-element elementor-element-d909a97 e-con-full e-flex e-con e-child\" data-id=\"d909a97\" data-element_type=\"container\" data-e-type=\"container\" data-settings=\"{&quot;background_background&quot;:&quot;classic&quot;}\">\n\t\t<div class=\"elementor-element elementor-element-ee1dbd1 e-con-full e-flex e-con e-child\" data-id=\"ee1dbd1\" data-element_type=\"container\" data-e-type=\"container\">\n\t\t\t\t<div class=\"elementor-element elementor-element-6660be7 elementor-widget__width-initial elementor-widget elementor-widget-heading\" data-id=\"6660be7\" data-element_type=\"widget\" data-e-type=\"widget\" data-widget_type=\"heading.default\">\n\t\t\t\t\t<h2 class=\"elementor-heading-title elementor-size-default\">Contacto<\/h2>\t\t\t\t<\/div>\n\t\t\t\t<div class=\"elementor-element elementor-element-9ae5c72 elementor-widget__width-initial elementor-widget elementor-widget-heading\" data-id=\"9ae5c72\" data-element_type=\"widget\" data-e-type=\"widget\" data-widget_type=\"heading.default\">\n\t\t\t\t\t<h2 class=\"elementor-heading-title elementor-size-default\">Haz tu consulta, sin compromiso<\/h2>\t\t\t\t<\/div>\n\t\t\t\t<\/div>\n\t\t<div class=\"elementor-element elementor-element-b43bc67 e-con-full e-flex e-con e-child\" data-id=\"b43bc67\" data-element_type=\"container\" data-e-type=\"container\">\n\t\t\t\t<div class=\"elementor-element elementor-element-0c954fc elementor-button-align-start elementor-widget__width-initial formulario elementor-widget elementor-widget-global elementor-global-5193 elementor-widget-form\" data-id=\"0c954fc\" data-element_type=\"widget\" data-e-type=\"widget\" data-settings=\"{&quot;step_next_label&quot;:&quot;Siguiente&quot;,&quot;step_previous_label&quot;:&quot;Anterior&quot;,&quot;button_width&quot;:&quot;100&quot;,&quot;step_type&quot;:&quot;number_text&quot;,&quot;step_icon_shape&quot;:&quot;circle&quot;}\" data-widget_type=\"form.default\">\n\t\t\t\t\t\t\t<form class=\"elementor-form\" method=\"post\" name=\"Nuevo formulario\" aria-label=\"Nuevo formulario\">\n\t\t\t<input type=\"hidden\" name=\"post_id\" value=\"4406\"\/>\n\t\t\t<input type=\"hidden\" name=\"form_id\" value=\"0c954fc\"\/>\n\t\t\t<input type=\"hidden\" name=\"referer_title\" value=\"\" \/>\n\n\t\t\t\n\t\t\t<div class=\"elementor-form-fields-wrapper elementor-labels-above\">\n\t\t\t\t\t\t\t\t<div class=\"elementor-field-type-text elementor-field-group elementor-column elementor-field-group-name elementor-col-50 elementor-field-required\">\n\t\t\t\t\t\t\t\t\t\t\t\t\t<input size=\"1\" type=\"text\" name=\"form_fields[name]\" id=\"form-field-name\" class=\"elementor-field elementor-size-sm  elementor-field-textual\" placeholder=\"Nombre\" required=\"required\">\n\t\t\t\t\t\t\t\t\t\t\t<\/div>\n\t\t\t\t\t\t\t\t<div class=\"elementor-field-type-text elementor-field-group elementor-column elementor-field-group-field_d53bc56 elementor-col-50 elementor-field-required\">\n\t\t\t\t\t\t\t\t\t\t\t\t\t<input size=\"1\" type=\"text\" name=\"form_fields[field_d53bc56]\" id=\"form-field-field_d53bc56\" class=\"elementor-field elementor-size-sm  elementor-field-textual\" placeholder=\"Apellidos\" required=\"required\">\n\t\t\t\t\t\t\t\t\t\t\t<\/div>\n\t\t\t\t\t\t\t\t<div class=\"elementor-field-type-email elementor-field-group elementor-column elementor-field-group-email elementor-col-50 elementor-field-required\">\n\t\t\t\t\t\t\t\t\t\t\t\t\t<input size=\"1\" type=\"email\" name=\"form_fields[email]\" id=\"form-field-email\" class=\"elementor-field elementor-size-sm  elementor-field-textual\" placeholder=\"Correo electr\u00f3nico\" required=\"required\">\n\t\t\t\t\t\t\t\t\t\t\t<\/div>\n\t\t\t\t\t\t\t\t<div class=\"elementor-field-type-text elementor-field-group elementor-column elementor-field-group-field_06bbe14 elementor-col-50\">\n\t\t\t\t\t\t\t\t\t\t\t\t\t<input size=\"1\" type=\"text\" name=\"form_fields[field_06bbe14]\" id=\"form-field-field_06bbe14\" class=\"elementor-field elementor-size-sm  elementor-field-textual\" placeholder=\"Empresa (opcional)\">\n\t\t\t\t\t\t\t\t\t\t\t<\/div>\n\t\t\t\t\t\t\t\t<div class=\"elementor-field-type-textarea elementor-field-group elementor-column elementor-field-group-message elementor-col-100\">\n\t\t\t\t\t<textarea class=\"elementor-field-textual elementor-field  elementor-size-sm\" name=\"form_fields[message]\" id=\"form-field-message\" rows=\"4\" placeholder=\"Escribe tu consulta aqu\u00ed\"><\/textarea>\t\t\t\t<\/div>\n\t\t\t\t\t\t\t\t<div class=\"elementor-field-type-acceptance elementor-field-group elementor-column elementor-field-group-field_bfffce5 elementor-col-100 elementor-field-required\">\n\t\t\t\t\t\t\t<div class=\"elementor-field-subgroup\">\n\t\t\t<span class=\"elementor-field-option\">\n\t\t\t\t<input type=\"checkbox\" name=\"form_fields[field_bfffce5]\" id=\"form-field-field_bfffce5\" class=\"elementor-field elementor-size-sm  elementor-acceptance-field\" required=\"required\">\n\t\t\t\t<label for=\"form-field-field_bfffce5\">Acepto la <a href=\"https:\/\/keaadvisory.eu\/declaracion-de-privacidad-ue\/\" rel=nofollow\" target=\"_blank\">Pol\u00edtica de Privacidad<\/a><\/label>\t\t\t<\/span>\n\t\t<\/div>\n\t\t\t\t\t\t<\/div>\n\t\t\t\t\t\t\t\t<div class=\"elementor-field-type-recaptcha_v3 elementor-field-group elementor-column elementor-field-group-field_e642d23 elementor-col-100 recaptcha_v3-inline\">\n\t\t\t\t\t<div class=\"elementor-field\" id=\"form-field-field_e642d23\"><div class=\"elementor-g-recaptcha\" data-sitekey=\"6Le1eJYsAAAAAEpWllPl-tEokEE9G8UTKyDpVHfx\" data-type=\"v3\" data-action=\"Form\" data-badge=\"inline\" data-size=\"invisible\"><\/div><\/div>\t\t\t\t<\/div>\n\t\t\t\t\t\t\t\t<div class=\"elementor-field-group elementor-column elementor-field-type-submit elementor-col-100 e-form__buttons\">\n\t\t\t\t\t<button class=\"elementor-button elementor-size-sm\" type=\"submit\">\n\t\t\t\t\t\t<span class=\"elementor-button-content-wrapper\">\n\t\t\t\t\t\t\t\t\t\t\t\t\t\t\t<span class=\"elementor-button-icon\">\n\t\t\t\t\t\t\t\t\t<svg xmlns=\"http:\/\/www.w3.org\/2000\/svg\" width=\"800px\" height=\"800px\" viewBox=\"0 0 24 24\" fill=\"none\"><g id=\"SVGRepo_bgCarrier\" stroke-width=\"0\"><\/g><g id=\"SVGRepo_tracerCarrier\" stroke-linecap=\"round\" stroke-linejoin=\"round\"><\/g><g id=\"SVGRepo_iconCarrier\"><path d=\"M16.3153 16.6681C15.9247 17.0587 15.9247 17.6918 16.3153 18.0824C16.7058 18.4729 17.339 18.4729 17.7295 18.0824L22.3951 13.4168C23.1761 12.6357 23.1761 11.3694 22.3951 10.5883L17.7266 5.9199C17.3361 5.52938 16.703 5.52938 16.3124 5.91991C15.9219 6.31043 15.9219 6.9436 16.3124 7.33412L19.9785 11.0002L2 11.0002C1.44772 11.0002 1 11.4479 1 12.0002C1 12.5524 1.44772 13.0002 2 13.0002L19.9832 13.0002L16.3153 16.6681Z\" fill=\"#1C3F3A\"><\/path><\/g><\/svg>\t\t\t\t\t\t\t\t\t\t\t\t\t\t\t\t\t<\/span>\n\t\t\t\t\t\t\t\t\t\t\t\t\t\t\t\t\t\t\t\t\t\t<span class=\"elementor-button-text\">Enviar<\/span>\n\t\t\t\t\t\t\t\t\t\t\t\t\t<\/span>\n\t\t\t\t\t<\/button>\n\t\t\t\t<\/div>\n\t\t\t<\/div>\n\t\t<\/form>\n\t\t\t\t\t\t<\/div>\n\t\t\t\t<\/div>\n\t\t\t\t<\/div>\n\t\t\t\t\t<\/div>\n\t\t\t\t<\/div>\n\t\t\t\t<\/div>\n\t\t","protected":false},"excerpt":{"rendered":"<p>Hablemos de tu proyecto De consulta a propuesta, en 3 pasos Haz tu consulta 01 Env\u00edanos tu consulta Puedes escribirnos a trav\u00e9s del formulario m\u00e1s abajo o por correo electr\u00f3nico a info@keaadvisory.eu. Cu\u00e9ntanos brevemente qu\u00e9 necesitas: an\u00e1lisis financiero, modelo, valoraci\u00f3n, apoyo en financiaci\u00f3n o negociaci\u00f3n con inversores. Si no tienes todos los detalles definidos, no [&hellip;]<\/p>\n","protected":false},"author":2,"featured_media":598,"parent":0,"menu_order":0,"comment_status":"closed","ping_status":"closed","template":"","meta":{"footnotes":""},"class_list":["post-4406","page","type-page","status-publish","has-post-thumbnail","hentry"],"_links":{"self":[{"href":"https:\/\/keaadvisory.eu\/es\/wp-json\/wp\/v2\/pages\/4406","targetHints":{"allow":["GET"]}}],"collection":[{"href":"https:\/\/keaadvisory.eu\/es\/wp-json\/wp\/v2\/pages"}],"about":[{"href":"https:\/\/keaadvisory.eu\/es\/wp-json\/wp\/v2\/types\/page"}],"author":[{"embeddable":true,"href":"https:\/\/keaadvisory.eu\/es\/wp-json\/wp\/v2\/users\/2"}],"replies":[{"embeddable":true,"href":"https:\/\/keaadvisory.eu\/es\/wp-json\/wp\/v2\/comments?post=4406"}],"version-history":[{"count":86,"href":"https:\/\/keaadvisory.eu\/es\/wp-json\/wp\/v2\/pages\/4406\/revisions"}],"predecessor-version":[{"id":6000,"href":"https:\/\/keaadvisory.eu\/es\/wp-json\/wp\/v2\/pages\/4406\/revisions\/6000"}],"wp:featuredmedia":[{"embeddable":true,"href":"https:\/\/keaadvisory.eu\/es\/wp-json\/wp\/v2\/media\/598"}],"wp:attachment":[{"href":"https:\/\/keaadvisory.eu\/es\/wp-json\/wp\/v2\/media?parent=4406"}],"curies":[{"name":"wp","href":"https:\/\/api.w.org\/{rel}","templated":true}]}}