{"id":5019,"date":"2026-03-14T12:01:28","date_gmt":"2026-03-14T12:01:28","guid":{"rendered":"https:\/\/keaadvisory.eu\/aviso-legal-imprint\/"},"modified":"2026-03-25T19:13:33","modified_gmt":"2026-03-25T19:13:33","slug":"aviso-legal-imprint","status":"publish","type":"page","link":"https:\/\/keaadvisory.eu\/es\/aviso-legal-imprint\/","title":{"rendered":"Aviso Legal"},"content":{"rendered":"\t\t<div data-elementor-type=\"wp-page\" data-elementor-id=\"5019\" class=\"elementor elementor-5019\" data-elementor-post-type=\"page\">\n\t\t\t\t<div class=\"elementor-element elementor-element-3cc13ca3 e-flex e-con-boxed e-con e-parent\" data-id=\"3cc13ca3\" data-element_type=\"container\" data-e-type=\"container\">\n\t\t\t\t\t<div class=\"e-con-inner\">\n\t\t\t\t<div class=\"elementor-element elementor-element-54714c5 elementor-widget__width-initial elementor-widget-tablet__width-inherit elementor-widget-mobile__width-inherit elementor-widget elementor-widget-heading\" data-id=\"54714c5\" data-element_type=\"widget\" data-e-type=\"widget\" data-widget_type=\"heading.default\">\n\t\t\t\t\t<h1 class=\"elementor-heading-title elementor-size-default\">Aviso Legal<\/h1>\t\t\t\t<\/div>\n\t\t\t\t<div class=\"elementor-element elementor-element-b30e0da elementor-widget elementor-widget-shortcode\" data-id=\"b30e0da\" data-element_type=\"widget\" data-e-type=\"widget\" data-widget_type=\"shortcode.default\">\n\t\t\t\t\t\t\t<div class=\"elementor-shortcode\">\n<!-- Legal document generated by Complianz | GDPR\/CCPA Cookie Consent https:\/\/wordpress.org\/plugins\/complianz-gdpr -->\n<div id=\"cmplz-document\" class=\"cmplz-document impressum cmplz-document-all\"><p><i>Este aviso legal \/ imprint fue actualizado por \u00faltima vez el marzo 14, 2026.<\/i><\/p><p class=\"cmplz-subtitle\">El propietario de esta web es:<\/p><p>Sergio L\u00f3pez Guerrero <br>Carrer de Bertr\u00e1n 104, Barcelona, 08720<br>Espa\u00f1a<br>Correo electr\u00f3nico:&nbsp;<span class=\"cmplz-obfuscate\">i&#110;f&#111;@<span class=\"cmplz-fmail-domain\">e&#120;.&#099;&#111;&#109;<\/span>&#107;&#101;&#097;advi&#115;o&#114;y&#046;&#101;u<\/span><br>N\u00famero de tel\u00e9fono: +34695853453<br><\/p><p class=\"cmplz-subtitle\">El\/Los representante\/s legal\/es de Sergio L\u00f3pez Guerrero :<\/p><p>Sergio L\u00f3pez Guerrero<\/p><h2>1. General<\/h2><p>Estamos dispuestos u obligados a participar en procedimientos de resoluci\u00f3n de conflictos ante una junta de arbitraje de consumo.<\/p><\/div><\/div>\n\t\t\t\t\t\t<\/div>\n\t\t\t\t\t<\/div>\n\t\t\t\t<\/div>\n\t\t\t\t<\/div>\n\t\t","protected":false},"excerpt":{"rendered":"","protected":false},"author":2,"featured_media":0,"parent":0,"menu_order":0,"comment_status":"closed","ping_status":"closed","template":"","meta":{"footnotes":""},"class_list":["post-5019","page","type-page","status-publish","hentry"],"_links":{"self":[{"href":"https:\/\/keaadvisory.eu\/es\/wp-json\/wp\/v2\/pages\/5019","targetHints":{"allow":["GET"]}}],"collection":[{"href":"https:\/\/keaadvisory.eu\/es\/wp-json\/wp\/v2\/pages"}],"about":[{"href":"https:\/\/keaadvisory.eu\/es\/wp-json\/wp\/v2\/types\/page"}],"author":[{"embeddable":true,"href":"https:\/\/keaadvisory.eu\/es\/wp-json\/wp\/v2\/users\/2"}],"replies":[{"embeddable":true,"href":"https:\/\/keaadvisory.eu\/es\/wp-json\/wp\/v2\/comments?post=5019"}],"version-history":[{"count":16,"href":"https:\/\/keaadvisory.eu\/es\/wp-json\/wp\/v2\/pages\/5019\/revisions"}],"predecessor-version":[{"id":5776,"href":"https:\/\/keaadvisory.eu\/es\/wp-json\/wp\/v2\/pages\/5019\/revisions\/5776"}],"wp:attachment":[{"href":"https:\/\/keaadvisory.eu\/es\/wp-json\/wp\/v2\/media?parent=5019"}],"curies":[{"name":"wp","href":"https:\/\/api.w.org\/{rel}","templated":true}]}}