{"id":5869,"date":"2026-03-26T11:56:10","date_gmt":"2026-03-26T11:56:10","guid":{"rendered":"https:\/\/keaadvisory.eu\/?post_type=product&#038;p=5869"},"modified":"2026-03-26T11:56:10","modified_gmt":"2026-03-26T11:56:10","slug":"tabla-de-amortizacion-de-deuda-sistema-frances","status":"publish","type":"product","link":"https:\/\/keaadvisory.eu\/es\/recursos\/tabla-de-amortizacion-de-deuda-sistema-frances\/","title":{"rendered":"Tabla de amortizaci\u00f3n de deuda (sistema franc\u00e9s)"},"content":{"rendered":"","protected":false},"excerpt":{"rendered":"<p><span style=\"font-weight: 400;\">La herramienta incluye una tabla de amortizaci\u00f3n de deuda mensualizada en la que puede escogerse el capital, el tipo de inter\u00e9s anual y las fechas de inicio y fin de la deuda. La tabla de amortizaci\u00f3n, con todos los pagos, ser\u00e1 calculada autom\u00e1ticamente para todo el periodo en cada uno de los meses.<\/span><\/p>\n","protected":false},"featured_media":5871,"template":"","meta":[],"product_brand":[],"product_cat":[35],"product_tag":[],"class_list":{"0":"post-5869","1":"product","2":"type-product","3":"status-publish","4":"has-post-thumbnail","6":"product_cat-sin-categorizar","8":"first","9":"instock","10":"downloadable","11":"virtual","12":"sold-individually","13":"purchasable","14":"product-type-simple"},"_links":{"self":[{"href":"https:\/\/keaadvisory.eu\/es\/wp-json\/wp\/v2\/product\/5869","targetHints":{"allow":["GET"]}}],"collection":[{"href":"https:\/\/keaadvisory.eu\/es\/wp-json\/wp\/v2\/product"}],"about":[{"href":"https:\/\/keaadvisory.eu\/es\/wp-json\/wp\/v2\/types\/product"}],"wp:featuredmedia":[{"embeddable":true,"href":"https:\/\/keaadvisory.eu\/es\/wp-json\/wp\/v2\/media\/5871"}],"wp:attachment":[{"href":"https:\/\/keaadvisory.eu\/es\/wp-json\/wp\/v2\/media?parent=5869"}],"wp:term":[{"taxonomy":"product_brand","embeddable":true,"href":"https:\/\/keaadvisory.eu\/es\/wp-json\/wp\/v2\/product_brand?post=5869"},{"taxonomy":"product_cat","embeddable":true,"href":"https:\/\/keaadvisory.eu\/es\/wp-json\/wp\/v2\/product_cat?post=5869"},{"taxonomy":"product_tag","embeddable":true,"href":"https:\/\/keaadvisory.eu\/es\/wp-json\/wp\/v2\/product_tag?post=5869"}],"curies":[{"name":"wp","href":"https:\/\/api.w.org\/{rel}","templated":true}]}}