{"id":5877,"date":"2026-03-26T12:01:43","date_gmt":"2026-03-26T12:01:43","guid":{"rendered":"https:\/\/keaadvisory.eu\/?post_type=product&#038;p=5877"},"modified":"2026-03-26T12:01:43","modified_gmt":"2026-03-26T12:01:43","slug":"presupuesto-mensual-personal","status":"publish","type":"product","link":"https:\/\/keaadvisory.eu\/es\/recursos\/presupuesto-mensual-personal\/","title":{"rendered":"Presupuesto Mensual Personal"},"content":{"rendered":"","protected":false},"excerpt":{"rendered":"<p><span style=\"font-weight: 400;\">La herramienta incluye un Presupuesto Personal Mensual, en el que se puede introducir el presupuesto y el ingreso\/gasto real por categor\u00edas y por mes. Tambi\u00e9n se obtiene el resumen mensual y gr\u00e1ficos, seg\u00fan la categor\u00eda de gastos.<\/span><\/p>\n","protected":false},"featured_media":5879,"template":"","meta":[],"product_brand":[],"product_cat":[35],"product_tag":[],"class_list":{"0":"post-5877","1":"product","2":"type-product","3":"status-publish","4":"has-post-thumbnail","6":"product_cat-sin-categorizar","8":"first","9":"instock","10":"downloadable","11":"virtual","12":"sold-individually","13":"purchasable","14":"product-type-simple"},"_links":{"self":[{"href":"https:\/\/keaadvisory.eu\/es\/wp-json\/wp\/v2\/product\/5877","targetHints":{"allow":["GET"]}}],"collection":[{"href":"https:\/\/keaadvisory.eu\/es\/wp-json\/wp\/v2\/product"}],"about":[{"href":"https:\/\/keaadvisory.eu\/es\/wp-json\/wp\/v2\/types\/product"}],"wp:featuredmedia":[{"embeddable":true,"href":"https:\/\/keaadvisory.eu\/es\/wp-json\/wp\/v2\/media\/5879"}],"wp:attachment":[{"href":"https:\/\/keaadvisory.eu\/es\/wp-json\/wp\/v2\/media?parent=5877"}],"wp:term":[{"taxonomy":"product_brand","embeddable":true,"href":"https:\/\/keaadvisory.eu\/es\/wp-json\/wp\/v2\/product_brand?post=5877"},{"taxonomy":"product_cat","embeddable":true,"href":"https:\/\/keaadvisory.eu\/es\/wp-json\/wp\/v2\/product_cat?post=5877"},{"taxonomy":"product_tag","embeddable":true,"href":"https:\/\/keaadvisory.eu\/es\/wp-json\/wp\/v2\/product_tag?post=5877"}],"curies":[{"name":"wp","href":"https:\/\/api.w.org\/{rel}","templated":true}]}}